{"id":2154,"date":"2025-10-13T16:23:43","date_gmt":"2025-10-13T14:23:43","guid":{"rendered":"https:\/\/www.hm-diamantwerkzeuge.de\/contact\/"},"modified":"2026-03-26T18:48:31","modified_gmt":"2026-03-26T17:48:31","slug":"contact","status":"publish","type":"page","link":"https:\/\/www.hm-diamantwerkzeuge.de\/en\/contact\/","title":{"rendered":"Contact"},"content":{"rendered":"<section class=\"block block--contact\">\n\t\t<div class=\"row\">\n\t\t<div class=\"col\">\n\t\t\t<h2 class=\"title h4\">Your contact persons<\/h2>\t\t\t\t\t\t\t\t\t\t\t<div class=\"contact\">\n\t\t\t\t\t<div class=\"contact__image\">\n\t\t\t\t\t\t\t\t\t\t\t\t\t<i class=\"fa-sharp fa-light fa-face-smile\" aria-hidden=\"true\"><\/i>\n\t\t\t\t\t\t\t\t\t\t\t<\/div>\n\t\t\t\t\t<div class=\"contact__content\">\n\t\t\t\t\t\t<div class=\"rte\"><p><b>Hannes M\u00f6\u00dfner<\/b><br\/>Owner, Technology &#038; Sales<\/p><\/div>\n\t\t\t\t\t\t\t\t\t\t\t\t\t<ul class=\"links\">\n\t\t\t\t\t\t\t\t<li><a class=\"link\" href=\"tel:+49(0)1732073064\"><i class=\"fa-sharp fa-phone-circle\" aria-hidden=\"true\"><\/i>+49(0) 173 2073 064<\/a><\/li>\t\t\t\t\t\t\t\t<li><a class=\"link\" href=\"mailto:info@hm-diamantwerkzeuge.de\"><i class=\"fa-sharp fa-envelope-circle\" aria-hidden=\"true\"><\/i>i&#110;&#102;o&#64;hm&#45;di&#97;mant&#119;&#101;&#114;&#107;&#122;&#101;&#117;&#103;e.&#100;e<\/a><\/li>\t\t\t\t\t\t\t<\/ul>\n\t\t\t\t\t\t\t\t\t\t\t<\/div>\n\t\t\t\t<\/div>\n\t\t\t\t\t<\/div>\n\t<\/div>\n<\/section>\n<section class=\"block block--contact block--small-offset-top\">\n\t\t<div class=\"row\">\n\t\t<div class=\"col\">\n\t\t\t\t\t\t\t\t\t\t\t\t\t\t<div class=\"contact\">\n\t\t\t\t\t<div class=\"contact__image\">\n\t\t\t\t\t\t\t\t\t\t\t\t\t<i class=\"fa-sharp fa-light fa-face-smile\" aria-hidden=\"true\"><\/i>\n\t\t\t\t\t\t\t\t\t\t\t<\/div>\n\t\t\t\t\t<div class=\"contact__content\">\n\t\t\t\t\t\t<div class=\"rte\"><p><b>Internal sales department<\/b><\/p><\/div>\n\t\t\t\t\t\t\t\t\t\t\t\t\t<ul class=\"links\">\n\t\t\t\t\t\t\t\t<li><a class=\"link\" href=\"tel:+49(0)1728400998\"><i class=\"fa-sharp fa-phone-circle\" aria-hidden=\"true\"><\/i>+49(0) 172 8400 998<\/a><\/li>\t\t\t\t\t\t\t\t<li><a class=\"link\" href=\"mailto:info@hm-diamantwerkzeuge.de\"><i class=\"fa-sharp fa-envelope-circle\" aria-hidden=\"true\"><\/i>inf&#111;&#64;&#104;m&#45;di&#97;&#109;an&#116;w&#101;rk&#122;e&#117;g&#101;.&#100;e<\/a><\/li>\t\t\t\t\t\t\t<\/ul>\n\t\t\t\t\t\t\t\t\t\t\t<\/div>\n\t\t\t\t<\/div>\n\t\t\t\t\t<\/div>\n\t<\/div>\n<\/section>\n<section class=\"block block--icon-text\">\n\t\t<div class=\"row\">\n\t\t<div class=\"col\">\n\t\t\t<h3 class=\"block__title h2\">Your way to us.<\/h3>\t\t\t\t\t\t\t<div class=\"block--icon-text__columns block--icon-text__columns--one\">\n\t\t\t\t\t\t\t\t\t\t\t\t\t\t\t\t\t<div class=\"block--icon-text__columns__column\">\n\t\t\t\t\t\t\t\t\t\t\t\t\t\t\t<div class=\"block--icon-text__columns__column__head\">\n\t\t\t\t\t\t\t\t\t<i class=\"fa-sharp fa-light fa-car-side\"><\/i>\n\t\t\t\t\t\t\t\t\t\t\t\t\t\t\t\t\t<\/div>\n\t\t\t\t\t\t\t\t\t\t\t\t\t\t\t\t\t\t\t\t\t\t<div class=\"block--icon-text__columns__column__body\">\n\t\t\t\t\t\t\t\t\t<h3 class=\"title h4\">By car<\/h3>\t\t\t\t\t\t\t\t\t<div class=\"rte\"><p class=\"p1\"> <strong> A5 coming from the south<\/strong><br \/>\nExit Riegel, turn left at the traffic lights towards Kenzingen, stay on the main road in Kenzingen, turn right at the traffic lights before the TOTAL petrol station and after 100m turn right onto the company premises.<\/p>\n<p><strong>A5 coming from the north<\/strong><br \/>\nExit Herbolzheim, turn left at the traffic lights towards Herbolzheim town center. Cross Herbolzheim until you reach Kenzingen (next village). At the 1st traffic circle take the 2nd exit. Do not turn right into Sch\u00fctzenstra\u00dfe at the next set of traffic lights. Turn around at the next opportunity and drive back and turn into Sch\u00fctzenstra\u00dfe in front of the TOTAL gas station and after 100 m turn right onto the company premises.<\/p>\n<p><strong>Attention: 30 km speed limit in urban areas with speed camera control.<\/strong><\/p>\n<\/div>\t\t\t\t\t\t\t\t\t<a class=\"link\" href=\"https:\/\/maps.app.goo.gl\/AoC9uk3iNb6thHTX8\" target=\"_blank\"><i class=\"fa-sharp fa-arrow-up-right\" aria-hidden=\"true\"><\/i>Plan route<\/a>\t\t\t\t\t\t\t\t<\/div>\n\t\t\t\t\t\t\t\t\t\t\t\t\t<\/div>\n\t\t\t\t\t\t\t\t\t\t\t\t\t\t\t\t\t<div class=\"block--icon-text__columns__column\">\n\t\t\t\t\t\t\t\t\t\t\t\t\t\t\t<div class=\"block--icon-text__columns__column__head\">\n\t\t\t\t\t\t\t\t\t<i class=\"fa-sharp fa-light fa-train\"><\/i>\n\t\t\t\t\t\t\t\t\t\t\t\t\t\t\t\t\t<\/div>\n\t\t\t\t\t\t\t\t\t\t\t\t\t\t\t\t\t\t\t\t\t\t<div class=\"block--icon-text__columns__column__body\">\n\t\t\t\t\t\t\t\t\t<h3 class=\"title h4\">By public transport<\/h3>\t\t\t\t\t\t\t\t\t<div class=\"rte\"><p><strong>Coming from the north<\/strong><br \/>\nChange trains with the Intercity in Offenburg then continue with the regional express or Regio local train to Kenzingen station. We will be happy to pick you up there.<\/p>\n<p><strong>Coming from the south<\/strong><br \/>\nChange trains with the Intercity in Freiburg Hbf then continue with the regional express or Regio local train to Kenzingen station. We will be happy to pick you up there.<\/p>\n<\/div>\t\t\t\t\t\t\t\t\t<a class=\"link\" href=\"https:\/\/www.rvf.de\/fahrplan-netz\/fahrplanauskunft\" target=\"_blank\"><i class=\"fa-sharp fa-arrow-up-right\" aria-hidden=\"true\"><\/i>Plan your journey<\/a>\t\t\t\t\t\t\t\t<\/div>\n\t\t\t\t\t\t\t\t\t\t\t\t\t<\/div>\n\t\t\t\t\t\t\t\t\t<\/div>\n\t\t\t\t\t<\/div>\n\t<\/div>\n<\/section>\n","protected":false},"excerpt":{"rendered":"","protected":false},"author":1,"featured_media":0,"parent":0,"menu_order":0,"comment_status":"closed","ping_status":"closed","template":"","meta":{"_acf_changed":false,"footnotes":""},"class_list":["post-2154","page","type-page","status-publish","hentry"],"acf":[],"yoast_head":"<!-- This site is optimized with the Yoast SEO plugin v27.3 - https:\/\/yoast.com\/product\/yoast-seo-wordpress\/ -->\n<title>Contact - HM Diamantwerkzeuge<\/title>\n<meta name=\"description\" content=\"Would you like to contact us? Here you will find our contact and directions.\" \/>\n<meta name=\"robots\" content=\"index, follow, max-snippet:-1, max-image-preview:large, max-video-preview:-1\" \/>\n<link rel=\"canonical\" href=\"https:\/\/www.hm-diamantwerkzeuge.de\/en\/contact\/\" \/>\n<meta property=\"og:locale\" content=\"en_US\" \/>\n<meta property=\"og:type\" content=\"article\" \/>\n<meta property=\"og:title\" content=\"Contact - HM Diamantwerkzeuge\" \/>\n<meta property=\"og:description\" content=\"Would you like to contact us? Here you will find our contact and directions.\" \/>\n<meta property=\"og:url\" content=\"https:\/\/www.hm-diamantwerkzeuge.de\/en\/contact\/\" \/>\n<meta property=\"og:site_name\" content=\"HM Diamantwerkzeuge\" \/>\n<meta property=\"article:modified_time\" content=\"2026-03-26T17:48:31+00:00\" \/>\n<meta property=\"og:image\" content=\"https:\/\/www.hm-diamantwerkzeuge.de\/wordpress\/wp-content\/uploads\/2025\/12\/hm-diamantwerkzeuge.jpg\" \/>\n\t<meta property=\"og:image:width\" content=\"1200\" \/>\n\t<meta property=\"og:image:height\" content=\"630\" \/>\n\t<meta property=\"og:image:type\" content=\"image\/jpeg\" \/>\n<meta name=\"twitter:card\" content=\"summary_large_image\" \/>\n<script type=\"application\/ld+json\" class=\"yoast-schema-graph\">{\"@context\":\"https:\\\/\\\/schema.org\",\"@graph\":[{\"@type\":\"WebPage\",\"@id\":\"https:\\\/\\\/www.hm-diamantwerkzeuge.de\\\/en\\\/contact\\\/\",\"url\":\"https:\\\/\\\/www.hm-diamantwerkzeuge.de\\\/en\\\/contact\\\/\",\"name\":\"Contact - HM Diamantwerkzeuge\",\"isPartOf\":{\"@id\":\"https:\\\/\\\/www.hm-diamantwerkzeuge.de\\\/en\\\/#website\"},\"datePublished\":\"2025-10-13T14:23:43+00:00\",\"dateModified\":\"2026-03-26T17:48:31+00:00\",\"description\":\"Would you like to contact us? Here you will find our contact and directions.\",\"breadcrumb\":{\"@id\":\"https:\\\/\\\/www.hm-diamantwerkzeuge.de\\\/en\\\/contact\\\/#breadcrumb\"},\"inLanguage\":\"en-US\",\"potentialAction\":[{\"@type\":\"ReadAction\",\"target\":[\"https:\\\/\\\/www.hm-diamantwerkzeuge.de\\\/en\\\/contact\\\/\"]}]},{\"@type\":\"BreadcrumbList\",\"@id\":\"https:\\\/\\\/www.hm-diamantwerkzeuge.de\\\/en\\\/contact\\\/#breadcrumb\",\"itemListElement\":[{\"@type\":\"ListItem\",\"position\":1,\"name\":\"Startseite\",\"item\":\"https:\\\/\\\/www.hm-diamantwerkzeuge.de\\\/en\\\/\"},{\"@type\":\"ListItem\",\"position\":2,\"name\":\"Contact\"}]},{\"@type\":\"WebSite\",\"@id\":\"https:\\\/\\\/www.hm-diamantwerkzeuge.de\\\/en\\\/#website\",\"url\":\"https:\\\/\\\/www.hm-diamantwerkzeuge.de\\\/en\\\/\",\"name\":\"HM Diamantwerkzeuge\",\"description\":\"\",\"publisher\":{\"@id\":\"https:\\\/\\\/www.hm-diamantwerkzeuge.de\\\/en\\\/#organization\"},\"potentialAction\":[{\"@type\":\"SearchAction\",\"target\":{\"@type\":\"EntryPoint\",\"urlTemplate\":\"https:\\\/\\\/www.hm-diamantwerkzeuge.de\\\/en\\\/?s={search_term_string}\"},\"query-input\":{\"@type\":\"PropertyValueSpecification\",\"valueRequired\":true,\"valueName\":\"search_term_string\"}}],\"inLanguage\":\"en-US\"},{\"@type\":\"Organization\",\"@id\":\"https:\\\/\\\/www.hm-diamantwerkzeuge.de\\\/en\\\/#organization\",\"name\":\"HM Diamantwerkzeuge\",\"url\":\"https:\\\/\\\/www.hm-diamantwerkzeuge.de\\\/en\\\/\",\"logo\":{\"@type\":\"ImageObject\",\"inLanguage\":\"en-US\",\"@id\":\"https:\\\/\\\/www.hm-diamantwerkzeuge.de\\\/en\\\/#\\\/schema\\\/logo\\\/image\\\/\",\"url\":\"https:\\\/\\\/www.hm-diamantwerkzeuge.de\\\/wordpress\\\/wp-content\\\/uploads\\\/2025\\\/10\\\/logo-hm-diamantwerkzeuge.svg\",\"contentUrl\":\"https:\\\/\\\/www.hm-diamantwerkzeuge.de\\\/wordpress\\\/wp-content\\\/uploads\\\/2025\\\/10\\\/logo-hm-diamantwerkzeuge.svg\",\"width\":1,\"height\":1,\"caption\":\"HM Diamantwerkzeuge\"},\"image\":{\"@id\":\"https:\\\/\\\/www.hm-diamantwerkzeuge.de\\\/en\\\/#\\\/schema\\\/logo\\\/image\\\/\"}}]}<\/script>\n<!-- \/ Yoast SEO plugin. -->","yoast_head_json":{"title":"Contact - HM Diamantwerkzeuge","description":"Would you like to contact us? Here you will find our contact and directions.","robots":{"index":"index","follow":"follow","max-snippet":"max-snippet:-1","max-image-preview":"max-image-preview:large","max-video-preview":"max-video-preview:-1"},"canonical":"https:\/\/www.hm-diamantwerkzeuge.de\/en\/contact\/","og_locale":"en_US","og_type":"article","og_title":"Contact - HM Diamantwerkzeuge","og_description":"Would you like to contact us? Here you will find our contact and directions.","og_url":"https:\/\/www.hm-diamantwerkzeuge.de\/en\/contact\/","og_site_name":"HM Diamantwerkzeuge","article_modified_time":"2026-03-26T17:48:31+00:00","og_image":[{"width":1200,"height":630,"url":"https:\/\/www.hm-diamantwerkzeuge.de\/wordpress\/wp-content\/uploads\/2025\/12\/hm-diamantwerkzeuge.jpg","type":"image\/jpeg"}],"twitter_card":"summary_large_image","schema":{"@context":"https:\/\/schema.org","@graph":[{"@type":"WebPage","@id":"https:\/\/www.hm-diamantwerkzeuge.de\/en\/contact\/","url":"https:\/\/www.hm-diamantwerkzeuge.de\/en\/contact\/","name":"Contact - HM Diamantwerkzeuge","isPartOf":{"@id":"https:\/\/www.hm-diamantwerkzeuge.de\/en\/#website"},"datePublished":"2025-10-13T14:23:43+00:00","dateModified":"2026-03-26T17:48:31+00:00","description":"Would you like to contact us? Here you will find our contact and directions.","breadcrumb":{"@id":"https:\/\/www.hm-diamantwerkzeuge.de\/en\/contact\/#breadcrumb"},"inLanguage":"en-US","potentialAction":[{"@type":"ReadAction","target":["https:\/\/www.hm-diamantwerkzeuge.de\/en\/contact\/"]}]},{"@type":"BreadcrumbList","@id":"https:\/\/www.hm-diamantwerkzeuge.de\/en\/contact\/#breadcrumb","itemListElement":[{"@type":"ListItem","position":1,"name":"Startseite","item":"https:\/\/www.hm-diamantwerkzeuge.de\/en\/"},{"@type":"ListItem","position":2,"name":"Contact"}]},{"@type":"WebSite","@id":"https:\/\/www.hm-diamantwerkzeuge.de\/en\/#website","url":"https:\/\/www.hm-diamantwerkzeuge.de\/en\/","name":"HM Diamantwerkzeuge","description":"","publisher":{"@id":"https:\/\/www.hm-diamantwerkzeuge.de\/en\/#organization"},"potentialAction":[{"@type":"SearchAction","target":{"@type":"EntryPoint","urlTemplate":"https:\/\/www.hm-diamantwerkzeuge.de\/en\/?s={search_term_string}"},"query-input":{"@type":"PropertyValueSpecification","valueRequired":true,"valueName":"search_term_string"}}],"inLanguage":"en-US"},{"@type":"Organization","@id":"https:\/\/www.hm-diamantwerkzeuge.de\/en\/#organization","name":"HM Diamantwerkzeuge","url":"https:\/\/www.hm-diamantwerkzeuge.de\/en\/","logo":{"@type":"ImageObject","inLanguage":"en-US","@id":"https:\/\/www.hm-diamantwerkzeuge.de\/en\/#\/schema\/logo\/image\/","url":"https:\/\/www.hm-diamantwerkzeuge.de\/wordpress\/wp-content\/uploads\/2025\/10\/logo-hm-diamantwerkzeuge.svg","contentUrl":"https:\/\/www.hm-diamantwerkzeuge.de\/wordpress\/wp-content\/uploads\/2025\/10\/logo-hm-diamantwerkzeuge.svg","width":1,"height":1,"caption":"HM Diamantwerkzeuge"},"image":{"@id":"https:\/\/www.hm-diamantwerkzeuge.de\/en\/#\/schema\/logo\/image\/"}}]}},"_links":{"self":[{"href":"https:\/\/www.hm-diamantwerkzeuge.de\/en\/wp-json\/wp\/v2\/pages\/2154","targetHints":{"allow":["GET"]}}],"collection":[{"href":"https:\/\/www.hm-diamantwerkzeuge.de\/en\/wp-json\/wp\/v2\/pages"}],"about":[{"href":"https:\/\/www.hm-diamantwerkzeuge.de\/en\/wp-json\/wp\/v2\/types\/page"}],"author":[{"embeddable":true,"href":"https:\/\/www.hm-diamantwerkzeuge.de\/en\/wp-json\/wp\/v2\/users\/1"}],"replies":[{"embeddable":true,"href":"https:\/\/www.hm-diamantwerkzeuge.de\/en\/wp-json\/wp\/v2\/comments?post=2154"}],"version-history":[{"count":1,"href":"https:\/\/www.hm-diamantwerkzeuge.de\/en\/wp-json\/wp\/v2\/pages\/2154\/revisions"}],"predecessor-version":[{"id":2155,"href":"https:\/\/www.hm-diamantwerkzeuge.de\/en\/wp-json\/wp\/v2\/pages\/2154\/revisions\/2155"}],"wp:attachment":[{"href":"https:\/\/www.hm-diamantwerkzeuge.de\/en\/wp-json\/wp\/v2\/media?parent=2154"}],"curies":[{"name":"wp","href":"https:\/\/api.w.org\/{rel}","templated":true}]}}